{"id":487,"date":"2025-02-12T10:29:27","date_gmt":"2025-02-12T09:29:27","guid":{"rendered":"https:\/\/stronyslubne.wyjatkowydzien.pl\/?page_id=487"},"modified":"2025-02-12T11:34:18","modified_gmt":"2025-02-12T10:34:18","slug":"rsvp","status":"publish","type":"page","link":"https:\/\/stronyslubne.wyjatkowydzien.pl\/en\/rsvp\/","title":{"rendered":"RSVP"},"content":{"rendered":"<div class=\"wp-block-uagb-container uagb-block-09246251 alignfull uagb-is-root-container\"><div class=\"uagb-container-inner-blocks-wrap\">\n<div style=\"height:583px\" aria-hidden=\"true\" class=\"wp-block-spacer\"><\/div>\n\n\n\n<div class=\"wp-block-uagb-container uagb-block-6d74c2af alignfull uagb-is-root-container\"><div class=\"uagb-container-inner-blocks-wrap\">\n<div class=\"wp-block-uagb-advanced-heading uagb-block-ffef3c0d\"><h2 class=\"uagb-heading-text\">Magdalena &amp; Simon<\/h2><\/div>\n\n\n\n<div class=\"wp-block-uagb-advanced-heading uagb-block-2264014b\"><h2 class=\"uagb-heading-text\">15\/08\/2025<\/h2><\/div>\n\n\n\n<div class=\"wp-block-uagb-buttons uagb-buttons__outer-wrap uagb-btn__default-btn uagb-btn-tablet__default-btn uagb-btn-mobile__default-btn uagb-block-cd34bb4f\"><div class=\"uagb-buttons__wrap uagb-buttons-layout-wrap\">\n<div class=\"wp-block-uagb-buttons-child uagb-buttons__outer-wrap uagb-block-cca9d93a wp-block-button\"><div class=\"uagb-button__wrapper\"><a class=\"uagb-buttons-repeater wp-block-button__link\" aria-label=\"\" href=\"https:\/\/www.google.com\/calendar\/render?action=TEMPLATE&amp;text=\u015alub%20Magdaleny%20i%20Szymona&amp;dates=20250815T120000Z\/20250815T130000Z&amp;details=\u015alub%20Zuzanny%20i%20\u0141ukasza%20w%20Ko\u015bciele%20\u015bw.%20Teresy%20od%20Dzieci\u0105tka%20Jezus%20w%20Rabce-Zdroju&amp;location=Ko\u015bci\u00f3\u0142%20\u015bw.%20Teresy%20od%20Dzieci\u0105tka%20Jezus%2C%20Parkowa%209%2C%2034-700%20Rabka-Zdr\u00f3j\" rel=\"follow noopener\" target=\"_self\" role=\"button\"><div class=\"uagb-button__link\">Add to calendar<\/div><\/a><\/div><\/div>\n<\/div><\/div>\n<\/div><\/div>\n<\/div><\/div>\n\n\n\n<div class=\"wp-block-uagb-info-box uagb-block-07a1c542 uagb-infobox__content-wrap  uagb-infobox-icon-above-title uagb-infobox-image-valign-top\"><div class=\"uagb-ifb-content\"><div class=\"uagb-ifb-icon-wrap\"><svg xmlns=\"https:\/\/www.w3.org\/2000\/svg\" viewbox=\"0 0 448 512\"><path d=\"M400 288h-352c-17.69 0-32-14.32-32-32.01s14.31-31.99 32-31.99h352c17.69 0 32 14.3 32 31.99S417.7 288 400 288z\"><\/path><\/svg><\/div><div class=\"uagb-ifb-title-wrap\"><h3 class=\"uagb-ifb-title\">RSVP<\/h3><\/div><p class=\"uagb-ifb-desc\">Your presence on this special day is extremely important to us! <br>Please confirm your arrival and choose your meal and accommodation preferences by no later than <strong>30\/07\/2025<\/strong><br>Fill out the form below and let&#039;s celebrate this special day together!<\/p><\/div><\/div>\n\n\n\n<div class=\"wp-block-uagb-container uagb-block-cb5d9c72 alignfull uagb-is-root-container\"><div class=\"uagb-container-inner-blocks-wrap\"><style id=\"wpforms-css-vars-571-block-1f5f8fda-a260-4124-8513-8d9bdf3f7bcd\">\n\t\t\t\t#wpforms-571.wpforms-block-1f5f8fda-a260-4124-8513-8d9bdf3f7bcd {\n\t\t\t\t--wpforms-button-background-color: #e1cfc2;\n--wpforms-button-text-color: #000000;\n--wpforms-field-size-input-height: 43px;\n--wpforms-field-size-input-spacing: 15px;\n--wpforms-field-size-font-size: 16px;\n--wpforms-field-size-line-height: 19px;\n--wpforms-field-size-padding-h: 14px;\n--wpforms-field-size-checkbox-size: 16px;\n--wpforms-field-size-sublabel-spacing: 5px;\n--wpforms-field-size-icon-size: 1;\n--wpforms-label-size-font-size: 16px;\n--wpforms-label-size-line-height: 19px;\n--wpforms-label-size-sublabel-font-size: 14px;\n--wpforms-label-size-sublabel-line-height: 17px;\n--wpforms-button-size-font-size: 17px;\n--wpforms-button-size-height: 41px;\n--wpforms-button-size-padding-h: 15px;\n--wpforms-button-size-margin-top: 10px;\n--wpforms-container-shadow-size-box-shadow: none;\n\t\t\t}\n\t\t\t<\/style><div class=\"wpforms-container wpforms-container-full wpforms-block wpforms-block-1f5f8fda-a260-4124-8513-8d9bdf3f7bcd wpforms-render-modern\" id=\"wpforms-571\"><form id=\"wpforms-form-571\" class=\"wpforms-validate wpforms-form wpforms-ajax-form\" data-formid=\"571\" method=\"post\" enctype=\"multipart\/form-data\" action=\"\/en\/wp-json\/wp\/v2\/pages\/487\" data-token=\"6fc260b1888cd333de26b70afd950bfb\" data-token-time=\"1777804800\" data-trp-original-action=\"\/en\/wp-json\/wp\/v2\/pages\/487\"><noscript class=\"wpforms-error-noscript\">Please enable JavaScript in your browser to complete this form.<\/noscript><div id=\"wpforms-error-noscript\" style=\"display: none;\">Please enable JavaScript in your browser to complete this form.<\/div><div class=\"wpforms-field-container\"><div id=\"wpforms-571-field_1-container\" class=\"wpforms-field wpforms-field-name\" data-field-id=\"1\"><fieldset><legend class=\"wpforms-field-label\">Name and Surname <span class=\"wpforms-required-label\" aria-hidden=\"true\">*<\/span><\/legend><div class=\"wpforms-field-row wpforms-field-medium\"><div class=\"wpforms-field-row-block wpforms-first wpforms-one-half\"><input type=\"text\" id=\"wpforms-571-field_1\" class=\"wpforms-field-name-first wpforms-field-required\" name=\"wpforms[fields][1][first]\" aria-errormessage=\"wpforms-571-field_1-error\" required><label for=\"wpforms-571-field_1\" class=\"wpforms-field-sublabel after\">First<\/label><\/div><div class=\"wpforms-field-row-block wpforms-one-half\"><input type=\"text\" id=\"wpforms-571-field_1-last\" class=\"wpforms-field-name-last wpforms-field-required\" name=\"wpforms[fields][1][last]\" aria-errormessage=\"wpforms-571-field_1-last-error\" required><label for=\"wpforms-571-field_1-last\" class=\"wpforms-field-sublabel after\">Last<\/label><\/div><\/div><\/fieldset><\/div><div id=\"wpforms-571-field_8-container\" class=\"wpforms-field wpforms-field-email\" data-field-id=\"8\"><label class=\"wpforms-field-label\" for=\"wpforms-571-field_8\">E-mail <span class=\"wpforms-required-label\" aria-hidden=\"true\">*<\/span><\/label><input type=\"email\" id=\"wpforms-571-field_8\" class=\"wpforms-field-medium wpforms-field-required\" name=\"wpforms[fields][8]\" spellcheck=\"false\" aria-errormessage=\"wpforms-571-field_8-error\" required><\/div><div id=\"wpforms-571-field_4-container\" class=\"wpforms-field wpforms-field-radio\" data-field-id=\"4\"><fieldset><legend class=\"wpforms-field-label\">Will you come to our wedding?  <span class=\"wpforms-required-label\" aria-hidden=\"true\">*<\/span><\/legend><ul id=\"wpforms-571-field_4\" class=\"wpforms-field-required\"><li class=\"choice-1 depth-1\"><input type=\"radio\" id=\"wpforms-571-field_4_1\" name=\"wpforms[fields][4]\" value=\"Tak\" aria-errormessage=\"wpforms-571-field_4_1-error\" required><label class=\"wpforms-field-label-inline\" for=\"wpforms-571-field_4_1\">Yes<\/label><\/li><li class=\"choice-2 depth-1\"><input type=\"radio\" id=\"wpforms-571-field_4_2\" name=\"wpforms[fields][4]\" value=\"Nie\" aria-errormessage=\"wpforms-571-field_4_2-error\" required><label class=\"wpforms-field-label-inline\" for=\"wpforms-571-field_4_2\">NO<\/label><\/li><\/ul><\/fieldset><\/div><div id=\"wpforms-571-field_6-container\" class=\"wpforms-field wpforms-field-select wpforms-field-select-style-classic\" data-field-id=\"6\"><label class=\"wpforms-field-label\" for=\"wpforms-571-field_6\">How many people would you like to confirm? <\/label><select id=\"wpforms-571-field_6\" class=\"wpforms-field-medium\" name=\"wpforms[fields][6]\"><option value=\"Tylko ja\"  class=\"choice-4 depth-1\"  >Just me<\/option><option value=\"Ja + 1\"  class=\"choice-1 depth-1\"  >Me + 1<\/option><option value=\"Ja + 2\"  class=\"choice-2 depth-1\"  >Me + 2<\/option><option value=\"Ja +3\"  class=\"choice-3 depth-1\"  >Me +3<\/option><\/select><\/div><div id=\"wpforms-571-field_9-container\" class=\"wpforms-field wpforms-field-text\" data-field-id=\"9\"><label class=\"wpforms-field-label\" for=\"wpforms-571-field_9\">We kindly ask you to provide the details of the people who have been confirmed above and those with whom you will come to the wedding.<\/label><input type=\"text\" id=\"wpforms-571-field_9\" class=\"wpforms-field-medium\" name=\"wpforms[fields][9]\" aria-errormessage=\"wpforms-571-field_9-error\" ><\/div><div id=\"wpforms-571-field_10-container\" class=\"wpforms-field wpforms-field-select wpforms-field-select-style-classic\" data-field-id=\"10\"><label class=\"wpforms-field-label\" for=\"wpforms-571-field_10\">Select MENU<\/label><select id=\"wpforms-571-field_10\" class=\"wpforms-field-medium\" name=\"wpforms[fields][10]\"><option value=\"Tradycyjne\"  class=\"choice-1 depth-1\"  >Traditional<\/option><option value=\"Wegetaria\u0144skie\"  class=\"choice-2 depth-1\"  >Vegetarian<\/option><option value=\"Wega\u0144skie\"  class=\"choice-3 depth-1\"  >Vegan<\/option><\/select><\/div><div id=\"wpforms-571-field_11-container\" class=\"wpforms-field wpforms-field-text\" data-field-id=\"11\"><label class=\"wpforms-field-label\" for=\"wpforms-571-field_11\">Please let us know any food allergies so we can adjust the menu accordingly.<\/label><input type=\"text\" id=\"wpforms-571-field_11\" class=\"wpforms-field-medium\" name=\"wpforms[fields][11]\" aria-errormessage=\"wpforms-571-field_11-error\" ><\/div>\t\t<div id=\"wpforms-571-field_2-container\"\n\t\t\tclass=\"wpforms-field wpforms-field-text\"\n\t\t\tdata-field-type=\"text\"\n\t\t\tdata-field-id=\"2\"\n\t\t\t>\n\t\t\t<label class=\"wpforms-field-label\" for=\"wpforms-571-field_2\" >dostosowa\u0107 Wybierz powy\u017cej,<\/label>\n\t\t\t<input type=\"text\" id=\"wpforms-571-field_2\" class=\"wpforms-field-medium\" name=\"wpforms[fields][2]\" >\n\t\t<\/div>\n\t\t<div id=\"wpforms-571-field_12-container\" class=\"wpforms-field wpforms-field-checkbox\" data-field-id=\"12\"><fieldset><legend class=\"wpforms-field-label\">Are you interested in return transportation?<\/legend><ul id=\"wpforms-571-field_12\"><li class=\"choice-1 depth-1\"><input type=\"checkbox\" id=\"wpforms-571-field_12_1\" name=\"wpforms[fields][12][]\" value=\"Tak\" aria-errormessage=\"wpforms-571-field_12_1-error\"  ><label class=\"wpforms-field-label-inline\" for=\"wpforms-571-field_12_1\">Yes<\/label><\/li><li class=\"choice-2 depth-1\"><input type=\"checkbox\" id=\"wpforms-571-field_12_2\" name=\"wpforms[fields][12][]\" value=\"Nie\" aria-errormessage=\"wpforms-571-field_12_2-error\"  ><label class=\"wpforms-field-label-inline\" for=\"wpforms-571-field_12_2\">NO<\/label><\/li><\/ul><\/fieldset><\/div><div id=\"wpforms-571-field_13-container\" class=\"wpforms-field wpforms-field-checkbox\" data-field-id=\"13\"><fieldset><legend class=\"wpforms-field-label\">Are you interested in organized accommodation?<\/legend><ul id=\"wpforms-571-field_13\"><li class=\"choice-1 depth-1\"><input type=\"checkbox\" id=\"wpforms-571-field_13_1\" name=\"wpforms[fields][13][]\" value=\"Tak\" aria-errormessage=\"wpforms-571-field_13_1-error\"  ><label class=\"wpforms-field-label-inline\" for=\"wpforms-571-field_13_1\">Yes<\/label><\/li><li class=\"choice-2 depth-1\"><input type=\"checkbox\" id=\"wpforms-571-field_13_2\" name=\"wpforms[fields][13][]\" value=\"Nie\" aria-errormessage=\"wpforms-571-field_13_2-error\"  ><label class=\"wpforms-field-label-inline\" for=\"wpforms-571-field_13_2\">NO<\/label><\/li><\/ul><\/fieldset><\/div><div id=\"wpforms-571-field_7-container\" class=\"wpforms-field wpforms-field-textarea\" data-field-id=\"7\"><label class=\"wpforms-field-label\" for=\"wpforms-571-field_7\">Write us a message :)<\/label><textarea id=\"wpforms-571-field_7\" class=\"wpforms-field-medium\" name=\"wpforms[fields][7]\" aria-errormessage=\"wpforms-571-field_7-error\" ><\/textarea><\/div><script>\n\t\t\t\t( function() {\n\t\t\t\t\tconst style = document.createElement( 'style' );\n\t\t\t\t\tstyle.appendChild( document.createTextNode( '#wpforms-571-field_2-container { position: absolute !important; overflow: hidden !important; display: inline !important; height: 1px !important; width: 1px !important; z-index: -1000 !important; padding: 0 !important; } #wpforms-571-field_2-container input { visibility: hidden; } #wpforms-conversational-form-page #wpforms-571-field_2-container label { counter-increment: none; }' ) );\n\t\t\t\t\tdocument.head.appendChild( style );\n\t\t\t\t\tdocument.currentScript?.remove();\n\t\t\t\t} )();\n\t\t\t<\/script><\/div><!-- .wpforms-field-container --><div class=\"wpforms-submit-container\" ><input type=\"hidden\" name=\"wpforms[id]\" value=\"571\"><input type=\"hidden\" name=\"page_title\" value=\"\"><input type=\"hidden\" name=\"page_url\" value=\"https:\/\/stronyslubne.wyjatkowydzien.pl\/en\/wp-json\/wp\/v2\/pages\/487\"><input type=\"hidden\" name=\"url_referer\" value=\"\"><button type=\"submit\" name=\"wpforms[submit]\" id=\"wpforms-submit-571\" class=\"wpforms-submit\" data-alt-text=\"Wysy\u0142anie...\" data-submit-text=\"Wy\u015blij\" aria-live=\"assertive\" value=\"wpforms-submit\">Send<\/button><img loading=\"lazy\" decoding=\"async\" src=\"https:\/\/stronyslubne.wyjatkowydzien.pl\/wp-content\/plugins\/wpforms\/assets\/images\/submit-spin.svg\" class=\"wpforms-submit-spinner\" style=\"display: none;\" width=\"26\" height=\"26\" alt=\"Loading\"><\/div><input type=\"hidden\" name=\"trp-form-language\" value=\"en\"\/><\/form><\/div>  <!-- .wpforms-container --><\/div><\/div>","protected":false},"excerpt":{"rendered":"<p>Magdalena &amp; Szymon 15.08.2025 R.<\/p>","protected":false},"author":1,"featured_media":0,"parent":0,"menu_order":0,"comment_status":"closed","ping_status":"closed","template":"","meta":{"_uag_custom_page_level_css":"","site-sidebar-layout":"default","site-content-layout":"","ast-site-content-layout":"","site-content-style":"default","site-sidebar-style":"default","ast-global-header-display":"","ast-banner-title-visibility":"","ast-main-header-display":"","ast-hfb-above-header-display":"","ast-hfb-below-header-display":"","ast-hfb-mobile-header-display":"","site-post-title":"disabled","ast-breadcrumbs-content":"","ast-featured-img":"","footer-sml-layout":"","theme-transparent-header-meta":"","adv-header-id-meta":"","stick-header-meta":"","header-above-stick-meta":"","header-main-stick-meta":"","header-below-stick-meta":"","astra-migrate-meta-layouts":"default","ast-page-background-enabled":"default","ast-page-background-meta":{"desktop":{"background-color":"var(--ast-global-color-4)","background-image":"","background-repeat":"repeat","background-position":"center center","background-size":"auto","background-attachment":"scroll","background-type":"","background-media":"","overlay-type":"","overlay-color":"","overlay-opacity":"","overlay-gradient":""},"tablet":{"background-color":"","background-image":"","background-repeat":"repeat","background-position":"center center","background-size":"auto","background-attachment":"scroll","background-type":"","background-media":"","overlay-type":"","overlay-color":"","overlay-opacity":"","overlay-gradient":""},"mobile":{"background-color":"","background-image":"","background-repeat":"repeat","background-position":"center center","background-size":"auto","background-attachment":"scroll","background-type":"","background-media":"","overlay-type":"","overlay-color":"","overlay-opacity":"","overlay-gradient":""}},"ast-content-background-meta":{"desktop":{"background-color":"var(--ast-global-color-5)","background-image":"","background-repeat":"repeat","background-position":"center center","background-size":"auto","background-attachment":"scroll","background-type":"","background-media":"","overlay-type":"","overlay-color":"","overlay-opacity":"","overlay-gradient":""},"tablet":{"background-color":"var(--ast-global-color-5)","background-image":"","background-repeat":"repeat","background-position":"center center","background-size":"auto","background-attachment":"scroll","background-type":"","background-media":"","overlay-type":"","overlay-color":"","overlay-opacity":"","overlay-gradient":""},"mobile":{"background-color":"var(--ast-global-color-5)","background-image":"","background-repeat":"repeat","background-position":"center center","background-size":"auto","background-attachment":"scroll","background-type":"","background-media":"","overlay-type":"","overlay-color":"","overlay-opacity":"","overlay-gradient":""}},"ngg_post_thumbnail":0,"footnotes":""},"class_list":["post-487","page","type-page","status-publish","hentry"],"uagb_featured_image_src":{"full":false,"thumbnail":false,"medium":false,"medium_large":false,"large":false,"1536x1536":false,"2048x2048":false,"trp-custom-language-flag":false},"uagb_author_info":{"display_name":"admin","author_link":"https:\/\/stronyslubne.wyjatkowydzien.pl\/en\/author\/admin\/"},"uagb_comment_info":0,"uagb_excerpt":"Magdalena &amp; Szymon 15.08.2025 R.","_links":{"self":[{"href":"https:\/\/stronyslubne.wyjatkowydzien.pl\/en\/wp-json\/wp\/v2\/pages\/487","targetHints":{"allow":["GET"]}}],"collection":[{"href":"https:\/\/stronyslubne.wyjatkowydzien.pl\/en\/wp-json\/wp\/v2\/pages"}],"about":[{"href":"https:\/\/stronyslubne.wyjatkowydzien.pl\/en\/wp-json\/wp\/v2\/types\/page"}],"author":[{"embeddable":true,"href":"https:\/\/stronyslubne.wyjatkowydzien.pl\/en\/wp-json\/wp\/v2\/users\/1"}],"replies":[{"embeddable":true,"href":"https:\/\/stronyslubne.wyjatkowydzien.pl\/en\/wp-json\/wp\/v2\/comments?post=487"}],"version-history":[{"count":73,"href":"https:\/\/stronyslubne.wyjatkowydzien.pl\/en\/wp-json\/wp\/v2\/pages\/487\/revisions"}],"predecessor-version":[{"id":574,"href":"https:\/\/stronyslubne.wyjatkowydzien.pl\/en\/wp-json\/wp\/v2\/pages\/487\/revisions\/574"}],"wp:attachment":[{"href":"https:\/\/stronyslubne.wyjatkowydzien.pl\/en\/wp-json\/wp\/v2\/media?parent=487"}],"curies":[{"name":"wp","href":"https:\/\/api.w.org\/{rel}","templated":true}]}}