{"id":349,"date":"2025-01-15T13:37:48","date_gmt":"2025-01-15T12:37:48","guid":{"rendered":"https:\/\/stronyslubne.wyjatkowydzien.pl\/?page_id=349"},"modified":"2025-02-11T22:38:25","modified_gmt":"2025-02-11T21:38:25","slug":"save-the-date-premium","status":"publish","type":"page","link":"https:\/\/stronyslubne.wyjatkowydzien.pl\/en\/save-the-date-premium\/","title":{"rendered":"Save The Date &#8211; Premium"},"content":{"rendered":"<div class=\"wp-block-uagb-container uagb-block-9c6394fc alignfull uagb-is-root-container\"><div class=\"uagb-container-inner-blocks-wrap\">\n<div class=\"wp-block-uagb-image uagb-block-064f7551 wp-block-uagb-image--layout-default wp-block-uagb-image--effect-static wp-block-uagb-image--align-none\"><figure class=\"wp-block-uagb-image__figure\"><img decoding=\"async\" srcset=\"https:\/\/stronyslubne.wyjatkowydzien.pl\/wp-content\/uploads\/2025\/01\/123.png ,https:\/\/stronyslubne.wyjatkowydzien.pl\/wp-content\/uploads\/2025\/01\/123.png 780w, https:\/\/stronyslubne.wyjatkowydzien.pl\/wp-content\/uploads\/2025\/01\/123.png 360w\" sizes=\"auto, (max-width: 480px) 150px\" src=\"https:\/\/stronyslubne.wyjatkowydzien.pl\/wp-content\/uploads\/2025\/01\/123.png\" alt=\"\" class=\"uag-image-353\" width=\"576\" height=\"173\" title=\"123\" loading=\"lazy\" role=\"img\"\/><\/figure><\/div>\n<\/div><\/div>\n\n\n\n<div class=\"wp-block-uagb-container uagb-block-49f2b196 alignfull uagb-is-root-container\"><div class=\"uagb-container-inner-blocks-wrap\"><\/div><\/div>\n\n\n\n<div class=\"wp-block-uagb-image uagb-block-3eca69db wp-block-uagb-image--layout-default wp-block-uagb-image--effect-static wp-block-uagb-image--align-none\"><figure class=\"wp-block-uagb-image__figure\"><img decoding=\"async\" srcset=\"https:\/\/stronyslubne.wyjatkowydzien.pl\/wp-content\/uploads\/2025\/01\/eliza-i-krystian.png ,https:\/\/stronyslubne.wyjatkowydzien.pl\/wp-content\/uploads\/2025\/01\/eliza-i-krystian.png 780w, https:\/\/stronyslubne.wyjatkowydzien.pl\/wp-content\/uploads\/2025\/01\/eliza-i-krystian.png 360w\" sizes=\"auto, (max-width: 480px) 150px\" src=\"https:\/\/stronyslubne.wyjatkowydzien.pl\/wp-content\/uploads\/2025\/01\/eliza-i-krystian.png\" alt=\"\" class=\"uag-image-355\" width=\"801\" height=\"241\" title=\"eliza and christian\" loading=\"lazy\" role=\"img\"\/><\/figure><\/div>\n\n\n\n<div class=\"wp-block-uagb-advanced-heading uagb-block-85c2c86e\"><h1 class=\"uagb-heading-text\">SAVE THE DATE <\/h1><\/div>\n\n\n\n<div class=\"wp-block-uagb-advanced-heading uagb-block-be472553\"><h1 class=\"uagb-heading-text\">5 \/ 08 \/ 2025<\/h1><\/div>\n\n\n\n<div style=\"height:40px\" aria-hidden=\"true\" class=\"wp-block-spacer\"><\/div>\n\n\n\n<div class=\"wp-block-uagb-buttons uagb-buttons__outer-wrap uagb-btn__default-btn uagb-btn-tablet__default-btn uagb-btn-mobile__default-btn uagb-block-d8d7f6ae\"><div class=\"uagb-buttons__wrap uagb-buttons-layout-wrap\">\n<div class=\"wp-block-uagb-buttons-child uagb-buttons__outer-wrap uagb-block-2755deee wp-block-button\"><div class=\"uagb-button__wrapper\"><a class=\"uagb-buttons-repeater wp-block-button__link\" aria-label=\"\" href=\"https:\/\/www.google.com\/calendar\/render?action=TEMPLATE&amp;text=\u015alub+Elizy+i+Krystiana&amp;dates=20250805\/20250806&amp;details=Zapraszamy+na+\u015blub+Elizy+i+Krystiana&quot;\" rel=\"follow noopener\" target=\"_self\" role=\"button\"><div class=\"uagb-button__link\">Add to calendar<\/div><\/a><\/div><\/div>\n<\/div><\/div>\n\n\n\n<div style=\"height:40px\" aria-hidden=\"true\" class=\"wp-block-spacer\"><\/div>\n\n\n\n<div class=\"wp-block-uagb-image uagb-block-53122921 wp-block-uagb-image--layout-default wp-block-uagb-image--effect-static wp-block-uagb-image--align-none\"><figure class=\"wp-block-uagb-image__figure\"><img decoding=\"async\" srcset=\"https:\/\/stronyslubne.wyjatkowydzien.pl\/wp-content\/uploads\/2025\/01\/rose-icon-01-1.png ,https:\/\/stronyslubne.wyjatkowydzien.pl\/wp-content\/uploads\/2025\/01\/rose-icon-01-1.png 780w, https:\/\/stronyslubne.wyjatkowydzien.pl\/wp-content\/uploads\/2025\/01\/rose-icon-01-1.png 360w\" sizes=\"auto, (max-width: 480px) 150px\" src=\"https:\/\/stronyslubne.wyjatkowydzien.pl\/wp-content\/uploads\/2025\/01\/rose-icon-01-1.png\" alt=\"\" class=\"uag-image-364\" width=\"45\" height=\"70\" title=\"rose-icon-01\" loading=\"lazy\" role=\"img\"\/><\/figure><\/div>\n\n\n\n<div style=\"height:40px\" aria-hidden=\"true\" class=\"wp-block-spacer\"><\/div>\n\n\n\n<div class=\"wp-block-uagb-advanced-heading uagb-block-0f41de91\"><h3 class=\"uagb-heading-text\">Our Wedding Day:<\/h3><\/div>\n\n\n\n<div style=\"height:23px\" aria-hidden=\"true\" class=\"wp-block-spacer\"><\/div>\n\n\n\n<div class=\"wp-block-uagb-countdown uagb-block-2875da12\"><div class=\"wp-block-uagb-countdown__box wp-block-uagb-countdown__box-days\"><div role=\"timer\" aria-live=\"off\" class=\"wp-block-uagb-countdown__time wp-block-uagb-countdown__time-days\">&#8211;<\/div><div class=\"wp-block-uagb-countdown__label\">DAYS<\/div><\/div><div class=\"wp-block-uagb-countdown__box wp-block-uagb-countdown__box-hours\"><div role=\"timer\" aria-live=\"off\" class=\"wp-block-uagb-countdown__time wp-block-uagb-countdown__time-hours\">&#8211;<\/div><div class=\"wp-block-uagb-countdown__label\">HOURS<\/div><\/div><div class=\"wp-block-uagb-countdown__box wp-block-uagb-countdown__box-minutes\"><div role=\"timer\" aria-live=\"off\" class=\"wp-block-uagb-countdown__time wp-block-uagb-countdown__time-minutes\">&#8211;<\/div><div class=\"wp-block-uagb-countdown__label\">MINUT<\/div><\/div><div class=\"wp-block-uagb-countdown__box wp-block-uagb-countdown__box-seconds\"><div role=\"timer\" aria-live=\"off\" class=\"wp-block-uagb-countdown__time wp-block-uagb-countdown__time-seconds\">&#8211;<\/div><div class=\"wp-block-uagb-countdown__label\">SECONDS<\/div><\/div><\/div>\n\n\n\n<div style=\"height:40px\" aria-hidden=\"true\" class=\"wp-block-spacer\"><\/div>\n\n\n\n<div class=\"wp-block-uagb-container uagb-block-8ac58303 alignfull uagb-is-root-container\"><div class=\"uagb-container-inner-blocks-wrap\">\n<div class=\"wp-block-uagb-container uagb-block-d125f0e7 alignfull uagb-is-root-container\"><div class=\"uagb-container-inner-blocks-wrap\">      \n\t\t\t<div class=\"uagb-icon-wrapper uagb-block-1a21dd49  wp-block-uagb-icon--has-margin\"\n\t\t\tstyle=\"\" >\n\t\t\t\t\t\t\t\t<div class='uagb-icon-margin-wrapper'>\n\t\t\t\t\t\t\t\t\t<span class=\"uagb-svg-wrapper\" \n\t\t\t\t\t aria-label=\"quote-left\"\t\t\t\t\ttabindex=\"0\">\t\t\n\t\t\t\t\t\t\t\t\t\t<svg xmlns=\"https:\/\/www.w3.org\/2000\/svg\" viewbox= \"0 0 448 512\" role=\"graphics-symbol\" aria-hidden=\"false\" aria-label=\"\"><path d=\"M96 224C84.72 224 74.05 226.3 64 229.9V224c0-35.3 28.7-64 64-64c17.67 0 32-14.33 32-32S145.7 96 128 96C57.42 96 0 153.4 0 224v96c0 53.02 42.98 96 96 96s96-42.98 96-96S149 224 96 224zM352 224c-11.28 0-21.95 2.305-32 5.879V224c0-35.3 28.7-64 64-64c17.67 0 32-14.33 32-32s-14.33-32-32-32c-70.58 0-128 57.42-128 128v96c0 53.02 42.98 96 96 96s96-42.98 96-96S405 224 352 224z\"><\/path><\/svg>\n\t\t\t\t\t\t\t\t\t<\/span>\n\t\t\t\t\t\t\t\t<\/div>\n\t\t\t\t\t\t\t<\/div>\n\t\t\t\n\n\n<div class=\"wp-block-uagb-advanced-heading uagb-block-80cf6af0\"><h3 class=\"uagb-heading-text\"><em>Love to live, and live to love.<\/em><\/h3><p class=\"uagb-desc-text\">Dion\u00edsios Solomos<\/p><\/div>\n\n\n      \n\t\t\t<div class=\"uagb-icon-wrapper uagb-block-278ade00  wp-block-uagb-icon--has-margin\"\n\t\t\tstyle=\"\" >\n\t\t\t\t\t\t\t\t<div class='uagb-icon-margin-wrapper'>\n\t\t\t\t\t\t\t\t\t<span class=\"uagb-svg-wrapper\" \n\t\t\t\t\t aria-label=\"quote-right\"\t\t\t\t\ttabindex=\"0\">\t\t\n\t\t\t\t\t\t\t\t\t\t<svg xmlns=\"https:\/\/www.w3.org\/2000\/svg\" viewbox= \"0 0 448 512\" role=\"graphics-symbol\" aria-hidden=\"false\" aria-label=\"\"><path d=\"M96 96C42.98 96 0 138.1 0 192s42.98 96 96 96c11.28 0 21.95-2.305 32-5.879V288c0 35.3-28.7 64-64 64c-17.67 0-32 14.33-32 32s14.33 32 32 32c70.58 0 128-57.42 128-128V192C192 138.1 149 96 96 96zM448 192c0-53.02-42.98-96-96-96s-96 42.98-96 96s42.98 96 96 96c11.28 0 21.95-2.305 32-5.879V288c0 35.3-28.7 64-64 64c-17.67 0-32 14.33-32 32s14.33 32 32 32c70.58 0 128-57.42 128-128V192z\"><\/path><\/svg>\n\t\t\t\t\t\t\t\t\t<\/span>\n\t\t\t\t\t\t\t\t<\/div>\n\t\t\t\t\t\t\t<\/div>\n\t\t\t<\/div><\/div>\n<\/div><\/div>\n\n\n\n<div style=\"height:40px\" aria-hidden=\"true\" class=\"wp-block-spacer\"><\/div>\n\n\n\n<div class=\"wp-block-uagb-image uagb-block-3a7c69d3 wp-block-uagb-image--layout-default wp-block-uagb-image--effect-static wp-block-uagb-image--align-none\"><figure class=\"wp-block-uagb-image__figure\"><img decoding=\"async\" srcset=\"https:\/\/stronyslubne.wyjatkowydzien.pl\/wp-content\/uploads\/2025\/01\/rose-icon-01-1.png ,https:\/\/stronyslubne.wyjatkowydzien.pl\/wp-content\/uploads\/2025\/01\/rose-icon-01-1.png 780w, https:\/\/stronyslubne.wyjatkowydzien.pl\/wp-content\/uploads\/2025\/01\/rose-icon-01-1.png 360w\" sizes=\"auto, (max-width: 480px) 150px\" src=\"https:\/\/stronyslubne.wyjatkowydzien.pl\/wp-content\/uploads\/2025\/01\/rose-icon-01-1.png\" alt=\"\" class=\"uag-image-364\" width=\"45\" height=\"70\" title=\"rose-icon-01\" loading=\"lazy\" role=\"img\"\/><\/figure><\/div>\n\n\n\n<div style=\"height:40px\" aria-hidden=\"true\" class=\"wp-block-spacer\"><\/div>\n\n\n\n<div class=\"wp-block-uagb-container uagb-block-ad419673 alignfull uagb-is-root-container\"><div class=\"uagb-container-inner-blocks-wrap\">\n<div class=\"wp-block-uagb-container uagb-block-caad042e\">\n<div class=\"wp-block-uagb-info-box uagb-block-8ed97ae4 uagb-infobox__content-wrap  uagb-infobox-icon-above-title uagb-infobox-image-valign-top\"><div class=\"uagb-ifb-content\"><div class=\"uagb-ifb-title-wrap\"><h3 class=\"uagb-ifb-title\">WEDDING CEREMONY<\/h3><\/div><p class=\"uagb-ifb-desc\"> Our wedding will take place in the church<br> on the premises of the Kielce Village Museum,<br> ul. Krakowska 109, <br>26-060 Lathe<\/p><\/div><\/div>\n\n\n\n<div class=\"wp-block-uagb-buttons uagb-buttons__outer-wrap uagb-btn__default-btn uagb-btn-tablet__default-btn uagb-btn-mobile__default-btn uagb-block-0773bace\"><div class=\"uagb-buttons__wrap uagb-buttons-layout-wrap\">\n<div class=\"wp-block-uagb-buttons-child uagb-buttons__outer-wrap uagb-block-42cb0842 wp-block-button\"><div class=\"uagb-button__wrapper\"><a class=\"uagb-buttons-repeater wp-block-button__link\" aria-label=\"\" href=\"https:\/\/maps.app.goo.gl\/d8S6sHCHhbNbsBoU8\" rel=\"follow noopener\" target=\"_self\" role=\"button\"><div class=\"uagb-button__link\">Location<\/div><\/a><\/div><\/div>\n<\/div><\/div>\n<\/div>\n\n\n\n<div class=\"wp-block-uagb-container uagb-block-abe6dfe1\">\n<div class=\"wp-block-uagb-info-box uagb-block-73ba6156 uagb-infobox__content-wrap  uagb-infobox-icon-above-title uagb-infobox-image-valign-top\"><div class=\"uagb-ifb-content\"><div class=\"uagb-ifb-title-wrap\"><h3 class=\"uagb-ifb-title\">WEDDING RECEPTION<\/h3><\/div><p class=\"uagb-ifb-desc\">Wilaneska Restaurant <br>(next to the Kielce Village Museum) <br>ul. Krakowska 109, <br>26-060 Lathe<\/p><\/div><\/div>\n\n\n\n<div class=\"wp-block-uagb-buttons uagb-buttons__outer-wrap uagb-btn__default-btn uagb-btn-tablet__default-btn uagb-btn-mobile__default-btn uagb-block-84a54498\"><div class=\"uagb-buttons__wrap uagb-buttons-layout-wrap\">\n<div class=\"wp-block-uagb-buttons-child uagb-buttons__outer-wrap uagb-block-930fa462 wp-block-button\"><div class=\"uagb-button__wrapper\"><a class=\"uagb-buttons-repeater wp-block-button__link\" aria-label=\"\" href=\"https:\/\/maps.app.goo.gl\/MMAV2wUYgxGyMhQt7\" rel=\"follow noopener\" target=\"_self\" role=\"button\"><div class=\"uagb-button__link\">Location<\/div><\/a><\/div><\/div>\n<\/div><\/div>\n<\/div>\n<\/div><\/div>\n\n\n\n<figure class=\"wp-block-gallery has-nested-images columns-4 is-cropped wp-block-gallery-1 is-layout-flex wp-block-gallery-is-layout-flex\">\n<figure class=\"wp-block-image size-large\"><img loading=\"lazy\" decoding=\"async\" width=\"1024\" height=\"683\" data-id=\"354\" src=\"https:\/\/stronyslubne.wyjatkowydzien.pl\/wp-content\/uploads\/2025\/01\/pexels-jonathanborba-7945026-1024x683.jpg\" alt=\"\" class=\"wp-image-354\" srcset=\"https:\/\/stronyslubne.wyjatkowydzien.pl\/wp-content\/uploads\/2025\/01\/pexels-jonathanborba-7945026-1024x683.jpg 1024w, https:\/\/stronyslubne.wyjatkowydzien.pl\/wp-content\/uploads\/2025\/01\/pexels-jonathanborba-7945026-300x200.jpg 300w, https:\/\/stronyslubne.wyjatkowydzien.pl\/wp-content\/uploads\/2025\/01\/pexels-jonathanborba-7945026-768x512.jpg 768w, https:\/\/stronyslubne.wyjatkowydzien.pl\/wp-content\/uploads\/2025\/01\/pexels-jonathanborba-7945026-1536x1024.jpg 1536w, https:\/\/stronyslubne.wyjatkowydzien.pl\/wp-content\/uploads\/2025\/01\/pexels-jonathanborba-7945026-2048x1365.jpg 2048w\" sizes=\"auto, (max-width: 1024px) 100vw, 1024px\" \/><\/figure>\n\n\n\n<figure class=\"wp-block-image size-large\"><img loading=\"lazy\" decoding=\"async\" width=\"1024\" height=\"576\" data-id=\"373\" src=\"https:\/\/stronyslubne.wyjatkowydzien.pl\/wp-content\/uploads\/2025\/01\/kwiaty-1024x576.png\" alt=\"\" class=\"wp-image-373\" srcset=\"https:\/\/stronyslubne.wyjatkowydzien.pl\/wp-content\/uploads\/2025\/01\/kwiaty-1024x576.png 1024w, https:\/\/stronyslubne.wyjatkowydzien.pl\/wp-content\/uploads\/2025\/01\/kwiaty-300x169.png 300w, https:\/\/stronyslubne.wyjatkowydzien.pl\/wp-content\/uploads\/2025\/01\/kwiaty-768x432.png 768w, https:\/\/stronyslubne.wyjatkowydzien.pl\/wp-content\/uploads\/2025\/01\/kwiaty.png 1366w\" sizes=\"auto, (max-width: 1024px) 100vw, 1024px\" \/><\/figure>\n\n\n\n<figure class=\"wp-block-image size-large\"><img loading=\"lazy\" decoding=\"async\" width=\"683\" height=\"1024\" data-id=\"374\" src=\"https:\/\/stronyslubne.wyjatkowydzien.pl\/wp-content\/uploads\/2025\/01\/pexels-adenir-28588422-683x1024.jpg\" alt=\"\" class=\"wp-image-374\" srcset=\"https:\/\/stronyslubne.wyjatkowydzien.pl\/wp-content\/uploads\/2025\/01\/pexels-adenir-28588422-683x1024.jpg 683w, https:\/\/stronyslubne.wyjatkowydzien.pl\/wp-content\/uploads\/2025\/01\/pexels-adenir-28588422-200x300.jpg 200w, https:\/\/stronyslubne.wyjatkowydzien.pl\/wp-content\/uploads\/2025\/01\/pexels-adenir-28588422-768x1152.jpg 768w, https:\/\/stronyslubne.wyjatkowydzien.pl\/wp-content\/uploads\/2025\/01\/pexels-adenir-28588422-1024x1536.jpg 1024w, https:\/\/stronyslubne.wyjatkowydzien.pl\/wp-content\/uploads\/2025\/01\/pexels-adenir-28588422-1365x2048.jpg 1365w, https:\/\/stronyslubne.wyjatkowydzien.pl\/wp-content\/uploads\/2025\/01\/pexels-adenir-28588422-scaled.jpg 1707w\" sizes=\"auto, (max-width: 683px) 100vw, 683px\" \/><\/figure>\n\n\n\n<figure class=\"wp-block-image size-large\"><img loading=\"lazy\" decoding=\"async\" width=\"768\" height=\"1024\" data-id=\"384\" src=\"https:\/\/stronyslubne.wyjatkowydzien.pl\/wp-content\/uploads\/2025\/01\/pexels-hatice-796619215-27689649-768x1024.jpg\" alt=\"\" class=\"wp-image-384\" srcset=\"https:\/\/stronyslubne.wyjatkowydzien.pl\/wp-content\/uploads\/2025\/01\/pexels-hatice-796619215-27689649-768x1024.jpg 768w, https:\/\/stronyslubne.wyjatkowydzien.pl\/wp-content\/uploads\/2025\/01\/pexels-hatice-796619215-27689649-225x300.jpg 225w, https:\/\/stronyslubne.wyjatkowydzien.pl\/wp-content\/uploads\/2025\/01\/pexels-hatice-796619215-27689649-1152x1536.jpg 1152w, https:\/\/stronyslubne.wyjatkowydzien.pl\/wp-content\/uploads\/2025\/01\/pexels-hatice-796619215-27689649-1536x2048.jpg 1536w, https:\/\/stronyslubne.wyjatkowydzien.pl\/wp-content\/uploads\/2025\/01\/pexels-hatice-796619215-27689649-scaled.jpg 1920w\" sizes=\"auto, (max-width: 768px) 100vw, 768px\" \/><\/figure>\n<\/figure>\n\n\n\n<div class=\"wp-block-uagb-container uagb-block-bfae8e42 alignfull uagb-is-root-container\"><div class=\"uagb-container-inner-blocks-wrap\"><\/div><\/div>\n\n\n\n<div style=\"height:23px\" aria-hidden=\"true\" class=\"wp-block-spacer\"><\/div>\n\n\n\n<div class=\"wp-block-uagb-info-box uagb-block-968ddce0 uagb-infobox__content-wrap  uagb-infobox-icon-above-title uagb-infobox-image-valign-top\"><div class=\"uagb-ifb-content\"><div class=\"uagb-ifb-title-wrap\"><h3 class=\"uagb-ifb-title\">Coming soon!<\/h3><\/div><p class=\"uagb-ifb-desc\">Full information about our special day will gradually appear on our website.<br>We look forward to sharing all the details with you.<br><\/p><\/div><\/div>","protected":false},"excerpt":{"rendered":"<p>SAVE THE DATE 5 \/ 08 \/ 2025 Do Naszego \u015alubu Pozosta\u0142o: Kochaj, \u017ceby \u017cy\u0107, i \u017cyj, \u017ceby kocha\u0107. Dion\u00edsios [&hellip;]<\/p>","protected":false},"author":1,"featured_media":0,"parent":0,"menu_order":1,"comment_status":"closed","ping_status":"closed","template":"","meta":{"_uag_custom_page_level_css":"","site-sidebar-layout":"default","site-content-layout":"","ast-site-content-layout":"","site-content-style":"default","site-sidebar-style":"default","ast-global-header-display":"","ast-banner-title-visibility":"","ast-main-header-display":"","ast-hfb-above-header-display":"","ast-hfb-below-header-display":"","ast-hfb-mobile-header-display":"","site-post-title":"disabled","ast-breadcrumbs-content":"","ast-featured-img":"","footer-sml-layout":"","theme-transparent-header-meta":"","adv-header-id-meta":"","stick-header-meta":"","header-above-stick-meta":"","header-main-stick-meta":"","header-below-stick-meta":"","astra-migrate-meta-layouts":"default","ast-page-background-enabled":"default","ast-page-background-meta":{"desktop":{"background-color":"var(--ast-global-color-4)","background-image":"","background-repeat":"repeat","background-position":"center center","background-size":"auto","background-attachment":"scroll","background-type":"","background-media":"","overlay-type":"","overlay-color":"","overlay-opacity":"","overlay-gradient":""},"tablet":{"background-color":"","background-image":"","background-repeat":"repeat","background-position":"center center","background-size":"auto","background-attachment":"scroll","background-type":"","background-media":"","overlay-type":"","overlay-color":"","overlay-opacity":"","overlay-gradient":""},"mobile":{"background-color":"","background-image":"","background-repeat":"repeat","background-position":"center center","background-size":"auto","background-attachment":"scroll","background-type":"","background-media":"","overlay-type":"","overlay-color":"","overlay-opacity":"","overlay-gradient":""}},"ast-content-background-meta":{"desktop":{"background-color":"var(--ast-global-color-5)","background-image":"","background-repeat":"repeat","background-position":"center center","background-size":"auto","background-attachment":"scroll","background-type":"","background-media":"","overlay-type":"","overlay-color":"","overlay-opacity":"","overlay-gradient":""},"tablet":{"background-color":"var(--ast-global-color-5)","background-image":"","background-repeat":"repeat","background-position":"center center","background-size":"auto","background-attachment":"scroll","background-type":"","background-media":"","overlay-type":"","overlay-color":"","overlay-opacity":"","overlay-gradient":""},"mobile":{"background-color":"var(--ast-global-color-5)","background-image":"","background-repeat":"repeat","background-position":"center center","background-size":"auto","background-attachment":"scroll","background-type":"","background-media":"","overlay-type":"","overlay-color":"","overlay-opacity":"","overlay-gradient":""}},"ngg_post_thumbnail":0,"footnotes":""},"class_list":["post-349","page","type-page","status-publish","hentry"],"uagb_featured_image_src":{"full":false,"thumbnail":false,"medium":false,"medium_large":false,"large":false,"1536x1536":false,"2048x2048":false,"trp-custom-language-flag":false},"uagb_author_info":{"display_name":"admin","author_link":"https:\/\/stronyslubne.wyjatkowydzien.pl\/en\/author\/admin\/"},"uagb_comment_info":0,"uagb_excerpt":"SAVE THE DATE 5 \/ 08 \/ 2025 Do Naszego \u015alubu Pozosta\u0142o: Kochaj, \u017ceby \u017cy\u0107, i \u017cyj, \u017ceby kocha\u0107. Dion\u00edsios [&hellip;]","_links":{"self":[{"href":"https:\/\/stronyslubne.wyjatkowydzien.pl\/en\/wp-json\/wp\/v2\/pages\/349","targetHints":{"allow":["GET"]}}],"collection":[{"href":"https:\/\/stronyslubne.wyjatkowydzien.pl\/en\/wp-json\/wp\/v2\/pages"}],"about":[{"href":"https:\/\/stronyslubne.wyjatkowydzien.pl\/en\/wp-json\/wp\/v2\/types\/page"}],"author":[{"embeddable":true,"href":"https:\/\/stronyslubne.wyjatkowydzien.pl\/en\/wp-json\/wp\/v2\/users\/1"}],"replies":[{"embeddable":true,"href":"https:\/\/stronyslubne.wyjatkowydzien.pl\/en\/wp-json\/wp\/v2\/comments?post=349"}],"version-history":[{"count":39,"href":"https:\/\/stronyslubne.wyjatkowydzien.pl\/en\/wp-json\/wp\/v2\/pages\/349\/revisions"}],"predecessor-version":[{"id":411,"href":"https:\/\/stronyslubne.wyjatkowydzien.pl\/en\/wp-json\/wp\/v2\/pages\/349\/revisions\/411"}],"wp:attachment":[{"href":"https:\/\/stronyslubne.wyjatkowydzien.pl\/en\/wp-json\/wp\/v2\/media?parent=349"}],"curies":[{"name":"wp","href":"https:\/\/api.w.org\/{rel}","templated":true}]}}